{"id":99,"date":"2017-04-27T16:59:16","date_gmt":"2017-04-27T14:59:16","guid":{"rendered":"https:\/\/www.gite-ispagnac.com\/?page_id=99"},"modified":"2025-11-14T21:09:25","modified_gmt":"2025-11-14T20:09:25","slug":"tarrifs","status":"publish","type":"page","link":"https:\/\/www.gite-ispagnac.com\/en\/fees\/","title":{"rendered":"Fees"},"content":{"rendered":"<p><\/p>\n<h1>2026 Fees &#8211; Eco friendly nature lodge of Bieisses &#8211; 5 persons<\/h1>\n\n<table id=\"tablepress-2\" class=\"tablepress tablepress-id-2\">\n<thead>\n<tr class=\"row-1 odd\">\n\t<th class=\"column-1\"><\/th><th class=\"column-2\">Off-season<\/th><th class=\"column-3\">Mid-season<\/th><th class=\"column-4\">Season<\/th><th class=\"column-5\">High season<\/th>\n<\/tr>\n<\/thead>\n<tbody class=\"row-hover\">\n<tr class=\"row-2 even\">\n\t<td class=\"column-1\">Week<\/td><td class=\"column-2\">\u20ac 465<\/td><td class=\"column-3\">\u20ac 525<\/td><td class=\"column-4\">\u20ac 795<\/td><td class=\"column-5\">\u20ac 815<\/td>\n<\/tr>\n<tr class=\"row-3 odd\">\n\t<td class=\"column-1\">Week-end<br \/>\n   2 nights<\/td><td class=\"column-2\">\u20ac 325<\/td><td class=\"column-3\">-<\/td><td class=\"column-4\">-<\/td><td class=\"column-5\">-<\/td>\n<\/tr>\n<tr class=\"row-4 even\">\n\t<td class=\"column-1\">Week-end<br \/>\n   3 nights<\/td><td class=\"column-2\">\u20ac 355<\/td><td class=\"column-3\">-<\/td><td class=\"column-4\">-<\/td><td class=\"column-5\">-<\/td>\n<\/tr>\n<tr class=\"row-5 odd\">\n\t<td class=\"column-1\">Week-end<br \/>\n   4 nights<\/td><td class=\"column-2\">\u20ac 385<\/td><td class=\"column-3\">-<\/td><td class=\"column-4\">-<\/td><td class=\"column-5\">-<\/td>\n<\/tr>\n<\/tbody>\n<\/table>\n<!-- #tablepress-2 from cache -->\n\n<table id=\"tablepress-4\" class=\"tablepress tablepress-id-4\">\n<thead>\n<tr class=\"row-1 odd\">\n\t<th class=\"column-1\">Off-season<\/th><th class=\"column-2\">Mid-season<\/th><th class=\"column-3\">Season<\/th><th class=\"column-4\">High season<\/th>\n<\/tr>\n<\/thead>\n<tbody class=\"row-hover\">\n<tr class=\"row-2 even\">\n\t<td class=\"column-1\">january 2 to April 4<\/td><td class=\"column-2\">April 4 to June 28<\/td><td class=\"column-3\">June 28 to July 4<\/td><td class=\"column-4\">August 1 to August 22<\/td>\n<\/tr>\n<tr class=\"row-3 odd\">\n\t<td class=\"column-1\">September 12 to October 17<\/td><td class=\"column-2\">August 30 to September 13<\/td><td class=\"column-3\">August 22 to August 29<\/td><td class=\"column-4\"><\/td>\n<\/tr>\n<tr class=\"row-4 even\">\n\t<td class=\"column-1\">October 31 to December 19<\/td><td class=\"column-2\">October 18 to November 1<\/td><td class=\"column-3\"><\/td><td class=\"column-4\"><\/td>\n<\/tr>\n<tr class=\"row-5 odd\">\n\t<td class=\"column-1\"><\/td><td class=\"column-2\"><\/td><td class=\"column-3\"><\/td><td class=\"column-4\"><\/td>\n<\/tr>\n<tr class=\"row-6 even\">\n\t<td class=\"column-1\"><\/td><td class=\"column-2\"><\/td><td class=\"column-3\"><\/td><td class=\"column-4\"><\/td>\n<\/tr>\n<tr class=\"row-7 odd\">\n\t<td class=\"column-1\"><\/td><td class=\"column-2\"><\/td><td class=\"column-3\"><\/td><td class=\"column-4\"><\/td>\n<\/tr>\n<\/tbody>\n<\/table>\n<!-- #tablepress-4 from cache -->\n<p>Wood for heating included.<\/p>\n<p>Sheet and toilet linen rental:<\/p>\n<ul>\n<li>\u20ac17 for a double bed<\/li>\n<li>\u20ac10 for a single bed.<\/li>\n<\/ul>\n<p>If you wish, we offer a cleaning fee at the end of your stay for \u20ac80.<\/p>\n<p>Visitor\u2019s tax: : 1.20\u20ac per person (older than 18) and per day.<\/p>\n<p>Central heating included .<\/p>\n<p>Call or write to us to book the lodge. We will send you the lease agreement established by the F\u00e9d\u00e9ration Fran\u00e7aise des G\u00eetes de France (French federation for lodges) along with a detailed description of the lodge. Please send us back the signed agreement with a 25% deposit within 10 days.<\/p>\n<p style=\"text-align: center;\"><a href=\"https:\/\/www.gite-ispagnac.com\/reserver\/\" target=\"_blank\" rel=\"noopener noreferrer\">Book<\/a><\/p>\n<p><\/p>","protected":false},"excerpt":{"rendered":"<p>2026 Fees &#8211; Eco friendly nature lodge of Bieisses &#8211; 5 persons Wood for heating included. Sheet and toilet linen rental: \u20ac17 for a double bed \u20ac10 for a single bed. If you wish, we [&hellip;]<\/p>\n","protected":false},"author":1,"featured_media":0,"parent":0,"menu_order":0,"comment_status":"closed","ping_status":"closed","template":"page-noslide.php","meta":{"_seopress_robots_primary_cat":"","_seopress_titles_title":"","_seopress_titles_desc":"","_seopress_robots_index":"","footnotes":""},"amp_enabled":false,"_links":{"self":[{"href":"https:\/\/www.gite-ispagnac.com\/en\/wp-json\/wp\/v2\/pages\/99"}],"collection":[{"href":"https:\/\/www.gite-ispagnac.com\/en\/wp-json\/wp\/v2\/pages"}],"about":[{"href":"https:\/\/www.gite-ispagnac.com\/en\/wp-json\/wp\/v2\/types\/page"}],"author":[{"embeddable":true,"href":"https:\/\/www.gite-ispagnac.com\/en\/wp-json\/wp\/v2\/users\/1"}],"replies":[{"embeddable":true,"href":"https:\/\/www.gite-ispagnac.com\/en\/wp-json\/wp\/v2\/comments?post=99"}],"version-history":[{"count":37,"href":"https:\/\/www.gite-ispagnac.com\/en\/wp-json\/wp\/v2\/pages\/99\/revisions"}],"predecessor-version":[{"id":547,"href":"https:\/\/www.gite-ispagnac.com\/en\/wp-json\/wp\/v2\/pages\/99\/revisions\/547"}],"wp:attachment":[{"href":"https:\/\/www.gite-ispagnac.com\/en\/wp-json\/wp\/v2\/media?parent=99"}],"curies":[{"name":"wp","href":"https:\/\/api.w.org\/{rel}","templated":true}]}}