{"id":12,"date":"2017-04-12T11:34:37","date_gmt":"2017-04-12T09:34:37","guid":{"rendered":"https:\/\/www.gite-ispagnac.com\/?page_id=12"},"modified":"2017-05-15T14:21:00","modified_gmt":"2017-05-15T12:21:00","slug":"booking","status":"publish","type":"page","link":"https:\/\/www.gite-ispagnac.com\/en\/booking\/","title":{"rendered":"Booking"},"content":{"rendered":"<p>Call or write to us to book the lodge. We will send you the lease agreement established by the F\u00e9d\u00e9ration Fran\u00e7aise des G\u00eetes de France (French federation for lodges) along with a detailed description of the lodge. Please send us back the signed agreement with a 25% deposit within 10 days.<\/p>\n<p>\n<div class=\"wpcf7 no-js\" id=\"wpcf7-f4-o2\" lang=\"fr-FR\" dir=\"ltr\">\n<div class=\"screen-reader-response\"><p role=\"status\" aria-live=\"polite\" aria-atomic=\"true\"><\/p> <ul><\/ul><\/div>\n<form action=\"\/en\/wp-json\/wp\/v2\/pages\/12#wpcf7-f4-o2\" method=\"post\" class=\"wpcf7-form init\" aria-label=\"Formulaire de contact\" novalidate=\"novalidate\" data-status=\"init\">\n<div style=\"display: none;\">\n<input type=\"hidden\" name=\"_wpcf7\" value=\"4\" \/>\n<input type=\"hidden\" name=\"_wpcf7_version\" value=\"5.8.7\" \/>\n<input type=\"hidden\" name=\"_wpcf7_locale\" value=\"fr_FR\" \/>\n<input type=\"hidden\" name=\"_wpcf7_unit_tag\" value=\"wpcf7-f4-o2\" \/>\n<input type=\"hidden\" name=\"_wpcf7_container_post\" value=\"0\" \/>\n<input type=\"hidden\" name=\"_wpcf7_posted_data_hash\" value=\"\" \/>\n<\/div>\n<h1>Booking\n<\/h1>\n<p>Request for information or reservation :\n<\/p>\n<p><label> Last name*<br \/>\n<span class=\"wpcf7-form-control-wrap\" data-name=\"Nom\"><input size=\"40\" class=\"wpcf7-form-control wpcf7-text wpcf7-validates-as-required\" aria-required=\"true\" aria-invalid=\"false\" placeholder=\"Your last name\" value=\"\" type=\"text\" name=\"Nom\" \/><\/span> <\/label>\n<\/p>\n<p><label> First name*<br \/>\n<span class=\"wpcf7-form-control-wrap\" data-name=\"Prenom\"><input size=\"40\" class=\"wpcf7-form-control wpcf7-text wpcf7-validates-as-required\" aria-required=\"true\" aria-invalid=\"false\" placeholder=\"Your first name\" value=\"\" type=\"text\" name=\"Prenom\" \/><\/span> <\/label>\n<\/p>\n<p><label> Adress*<br \/>\n<span class=\"wpcf7-form-control-wrap\" data-name=\"text-261\"><input size=\"40\" class=\"wpcf7-form-control wpcf7-text wpcf7-validates-as-required\" aria-required=\"true\" aria-invalid=\"false\" placeholder=\"Enter your entire adress\" value=\"\" type=\"text\" name=\"text-261\" \/><\/span> <\/label>\n<\/p>\n<p><label> Phone<br \/>\n<span class=\"wpcf7-form-control-wrap\" data-name=\"tel-4\"><input size=\"40\" class=\"wpcf7-form-control wpcf7-tel wpcf7-text wpcf7-validates-as-tel\" aria-invalid=\"false\" placeholder=\"0X XX XX XX XX\" value=\"\" type=\"tel\" name=\"tel-4\" \/><\/span> <\/label>\n<\/p>\n<p><label> E-mail*<br \/>\n<span class=\"wpcf7-form-control-wrap\" data-name=\"email-667\"><input size=\"40\" class=\"wpcf7-form-control wpcf7-email wpcf7-validates-as-required wpcf7-text wpcf7-validates-as-email\" aria-required=\"true\" aria-invalid=\"false\" placeholder=\"Enter your e-mail\" value=\"\" type=\"email\" name=\"email-667\" \/><\/span> <\/label>\n<\/p>\n<p><label> Arrival day*<br \/>\n<span class=\"wpcf7-form-control-wrap\" data-name=\"date-317\"><input class=\"wpcf7-form-control wpcf7-date wpcf7-validates-as-required wpcf7-validates-as-date\" aria-required=\"true\" aria-invalid=\"false\" placeholder=\"When would you like to come ?\" value=\"\" type=\"date\" name=\"date-317\" \/><\/span> <\/label>\n<\/p>\n<p><label> Stay duration*<br \/>\n<span class=\"wpcf7-form-control-wrap\" data-name=\"number-451\"><input class=\"wpcf7-form-control wpcf7-number wpcf7-validates-as-required wpcf7-validates-as-number\" min=\"1\" aria-required=\"true\" aria-invalid=\"false\" placeholder=\"How many days will you stay ?\" value=\"\" type=\"number\" name=\"number-451\" \/><\/span> <\/label>\n<\/p>\n<p><label> Message ( facultatif )<br \/>\n<span class=\"wpcf7-form-control-wrap\" data-name=\"your-message\"><textarea cols=\"40\" rows=\"10\" class=\"wpcf7-form-control wpcf7-textarea\" aria-invalid=\"false\" placeholder=\"Don&#039;t hesitate to give us specifications\" name=\"your-message\"><\/textarea><\/span> <\/label>\n<\/p>\n<p><i>*Required fields<\/i>\n<\/p>\n<p><input class=\"wpcf7-form-control wpcf7-submit has-spinner\" type=\"submit\" value=\"Booking\" \/>\n<\/p><p style=\"display: none !important;\" class=\"akismet-fields-container\" data-prefix=\"_wpcf7_ak_\"><label>&#916;<textarea name=\"_wpcf7_ak_hp_textarea\" cols=\"45\" rows=\"8\" maxlength=\"100\"><\/textarea><\/label><input type=\"hidden\" id=\"ak_js_2\" name=\"_wpcf7_ak_js\" value=\"34\"\/><script>document.getElementById( \"ak_js_2\" ).setAttribute( \"value\", ( new Date() ).getTime() );<\/script><\/p><div class=\"wpcf7-response-output\" aria-hidden=\"true\"><\/div>\n<\/form>\n<\/div>\n<\/p>","protected":false},"excerpt":{"rendered":"<p>Call or write to us to book the lodge. We will send you the lease agreement established by the F\u00e9d\u00e9ration Fran\u00e7aise des G\u00eetes de France (French federation for lodges) along with a detailed description of [&hellip;]<\/p>\n","protected":false},"author":1,"featured_media":176,"parent":0,"menu_order":0,"comment_status":"closed","ping_status":"closed","template":"contact.php","meta":{"_seopress_robots_primary_cat":"","_seopress_titles_title":"","_seopress_titles_desc":"","_seopress_robots_index":"","footnotes":""},"amp_enabled":false,"_links":{"self":[{"href":"https:\/\/www.gite-ispagnac.com\/en\/wp-json\/wp\/v2\/pages\/12"}],"collection":[{"href":"https:\/\/www.gite-ispagnac.com\/en\/wp-json\/wp\/v2\/pages"}],"about":[{"href":"https:\/\/www.gite-ispagnac.com\/en\/wp-json\/wp\/v2\/types\/page"}],"author":[{"embeddable":true,"href":"https:\/\/www.gite-ispagnac.com\/en\/wp-json\/wp\/v2\/users\/1"}],"replies":[{"embeddable":true,"href":"https:\/\/www.gite-ispagnac.com\/en\/wp-json\/wp\/v2\/comments?post=12"}],"version-history":[{"count":8,"href":"https:\/\/www.gite-ispagnac.com\/en\/wp-json\/wp\/v2\/pages\/12\/revisions"}],"predecessor-version":[{"id":388,"href":"https:\/\/www.gite-ispagnac.com\/en\/wp-json\/wp\/v2\/pages\/12\/revisions\/388"}],"wp:featuredmedia":[{"embeddable":true,"href":"https:\/\/www.gite-ispagnac.com\/en\/wp-json\/wp\/v2\/media\/176"}],"wp:attachment":[{"href":"https:\/\/www.gite-ispagnac.com\/en\/wp-json\/wp\/v2\/media?parent=12"}],"curies":[{"name":"wp","href":"https:\/\/api.w.org\/{rel}","templated":true}]}}